{"id":493,"date":"2022-11-17T12:18:24","date_gmt":"2022-11-17T11:18:24","guid":{"rendered":"http:\/\/landaola.eus\/?page_id=493"},"modified":"2023-11-21T11:40:07","modified_gmt":"2023-11-21T10:40:07","slug":"landa-emakumeak-gara","status":"publish","type":"page","link":"https:\/\/landaola.eus\/es\/landa-emakumeak-gara\/","title":{"rendered":"Landa Emakumeak Gara"},"content":{"rendered":"<hr>\n<h1>Landa emakumeak gara<\/h1>\n<hr>\n<div>\n<p><span>La Federaci\u00f3n LANDAOLA, integrada por las Asociaciones de Desarrollo Rural de Gipuzkoa, tiene entre sus fines los recogidos en la Ley 10\/1998, de 8 de abril, de Desarrollo Rural. Entre ellas se encuentran la promoci\u00f3n de la igualdad real de mujeres y hombres y el impulso de la perspectiva de g<\/span>\u00e9<span>nero y el empoderamiento de las mujeres junto con el asociacionismo.<\/span><\/p>\n<p><span>Las mujeres desempe\u00f1an un papel clave en la vida del medio rural y en su desarrollo sostenible, siendo su aportaci\u00f3n de enorme importancia en la cohesi\u00f3n de los barrios rurales y de los pueblos peque\u00f1os, en el equilibrio territorial y por tanto en el futuro de Gipuzkoa.<\/span><\/p>\n<p><span>En los \u00fa<\/span>ltimos a<span>\u00f1os se ha reivindicado el protagonismo de este colectivo en el desarrollo rural: sus derechos como trabajadores, en los derechos a la igualdad de oportunidades, a la formaci\u00f3n, a los recursos, al poder y a la toma de decisiones<\/span><\/p>\n<p><span>As\u00ed, se necesitan f\u00f3rmulas que posibiliten el reconocimiento personal y profesional de las mujeres rurales de nuestros pueblos y barrios y, desde LANDAOLA, se ha apostado por comenzar a dar pasos en este sentido.<\/span><\/p>\n<p><span>Como muestra de este compromiso, se presenta la iniciativa LANDA EMAKUMEAK GARA, con el objetivo de fomentar el conocimiento mutuo y la penetraci\u00f3n entre las mujeres rurales, creando un nuevo eslab\u00f3n en el proceso de empoderamiento personal y colectivo de las mujeres.<\/span><\/p>\n<p><span>Para el cumplimiento de estos objetivos, se pretende promover un espacio compartido entre mujeres diferentes que facilite la participaci\u00f3n, el compartir, la creatividad, el di\u00e1logo y el aprendizaje entre mujeres. Ser\u00e1 un espacio com\u00fan para reflexionar y hablar de los temas que afectan a las vidas de las mujeres en beneficio de procesos de empoderamiento conscientes y reales.<\/span><\/p>\n<p><span>Los principales destinatarios del proyecto ser\u00e1n agentes como las asociaciones de mujeres rurales y mujeres baserritarras de Gipuzkoa, grupos de mujeres de pueblos y barrios rurales sin estructura jur\u00eddica, personas individuales, mujeres rurales emprendedoras, mujeres de todas las generaciones, representantes pol\u00edticos y t<\/span>\u00e9cnicos municipales. Adem<span>\u00e1s de las din\u00e1micas que se llevar\u00e1n a cabo en espacios compartidos, se promover\u00e1n acciones concretas que ayuden a visualizar el trabajo, el papel, la voz, los testimonios, el emprendizaje de las mujeres.<\/span><\/p>\n<\/div>\n<ul>\n<li>\n<p>        <img decoding=\"async\" src=\"\/wp-content\/uploads\/2022\/11\/landa-emakumeak.jpg\" alt=\"\"><\/p>\n<\/li>\n<li>\n<p>        <img decoding=\"async\" src=\"\/wp-content\/uploads\/2022\/11\/landa-emakumeak2.jpg\" alt=\"\"><\/p>\n<\/li>\n<li>\n<p>        <img decoding=\"async\" src=\"\/wp-content\/uploads\/2022\/11\/landa-emakumeak3.jpg\" alt=\"\"><\/p>\n<\/li>\n<li>\n<p>        <img decoding=\"async\" src=\"\/wp-content\/uploads\/2022\/11\/landa-emakumeak4.jpg\" alt=\"\"><\/p>\n<\/li>\n<li>\n<p>        <img decoding=\"async\" src=\"\/wp-content\/uploads\/2022\/11\/landa-emakumeak5.jpg\" alt=\"\"><\/p>\n<\/li>\n<\/ul>\n<p><!--more--><br \/>\n<!-- {\"type\":\"layout\",\"children\":[{\"type\":\"section\",\"props\":{\"style\":\"default\",\"width\":\"default\",\"vertical_align\":\"middle\",\"title_position\":\"top-left\",\"title_rotation\":\"left\",\"title_breakpoint\":\"xl\",\"image_position\":\"center-center\",\"width_expand\":\"right\",\"padding_remove_horizontal\":true},\"children\":[{\"type\":\"row\",\"props\":{\"layout\":\"2-3,1-3\"},\"children\":[{\"type\":\"column\",\"props\":{\"position_sticky_breakpoint\":\"m\",\"image_position\":\"center-center\",\"media_overlay_gradient\":\"\",\"width_medium\":\"2-3\",\"style\":\"default\",\"padding\":\"small\",\"css\":\".el-column{\\n padding-top: 0px !important;   \\n}\"},\"children\":[{\"type\":\"divider\",\"props\":{\"divider_element\":\"hr\",\"margin_remove_bottom\":true}},{\"type\":\"headline\",\"props\":{\"title_element\":\"h1\",\"content\":\"Landa emakumeak gara\",\"title_color\":\"primary\",\"title_style\":\"heading-small\",\"margin_remove_top\":true,\"margin_remove_bottom\":true}},{\"type\":\"divider\",\"props\":{\"divider_element\":\"hr\",\"margin_remove_bottom\":false,\"margin_remove_top\":true}},{\"type\":\"text\",\"props\":{\"margin\":\"default\",\"column_breakpoint\":\"m\",\"content\":\"\n\n<p><span>La Federaci\\u00f3n LANDAOLA, integrada por las Asociaciones de Desarrollo Rural de Gipuzkoa, tiene entre sus fines los recogidos en la Ley 10\\\/1998, de 8 de abril, de Desarrollo Rural. Entre ellas se encuentran la promoci\\u00f3n de la igualdad real de mujeres y hombres y el impulso de la perspectiva de g<\\\/span>\\u00e9<span>nero y el empoderamiento de las mujeres junto con el asociacionismo.<\\\/span><\\\/p>\\n\n\n<p><span>Las mujeres desempe\\u00f1an un papel clave en la vida del medio rural y en su desarrollo sostenible, siendo su aportaci\\u00f3n de enorme importancia en la cohesi\\u00f3n de los barrios rurales y de los pueblos peque\\u00f1os, en el equilibrio territorial y por tanto en el futuro de Gipuzkoa.<\\\/span><\\\/p>\\n\n\n<p><span>En los \\u00fa<\\\/span>ltimos a<span>\\u00f1os se ha reivindicado el protagonismo de este colectivo en el desarrollo rural: sus derechos como trabajadores, en los derechos a la igualdad de oportunidades, a la formaci\\u00f3n, a los recursos, al poder y a la toma de decisiones<\\\/span><\\\/p>\\n\n\n<p><span>As\\u00ed, se necesitan f\\u00f3rmulas que posibiliten el reconocimiento personal y profesional de las mujeres rurales de nuestros pueblos y barrios y, desde LANDAOLA, se ha apostado por comenzar a dar pasos en este sentido.<\\\/span><\\\/p>\\n\n\n<p><span>Como muestra de este compromiso, se presenta la iniciativa LANDA EMAKUMEAK GARA, con el objetivo de fomentar el conocimiento mutuo y la penetraci\\u00f3n entre las mujeres rurales, creando un nuevo eslab\\u00f3n en el proceso de empoderamiento personal y colectivo de las mujeres.<\\\/span><\\\/p>\\n\n\n<p><span>Para el cumplimiento de estos objetivos, se pretende promover un espacio compartido entre mujeres diferentes que facilite la participaci\\u00f3n, el compartir, la creatividad, el di\\u00e1logo y el aprendizaje entre mujeres. Ser\\u00e1 un espacio com\\u00fan para reflexionar y hablar de los temas que afectan a las vidas de las mujeres en beneficio de procesos de empoderamiento conscientes y reales.<\\\/span><\\\/p>\\n\n\n<p><span>Los principales destinatarios del proyecto ser\\u00e1n agentes como las asociaciones de mujeres rurales y mujeres baserritarras de Gipuzkoa, grupos de mujeres de pueblos y barrios rurales sin estructura jur\\u00eddica, personas individuales, mujeres rurales emprendedoras, mujeres de todas las generaciones, representantes pol\\u00edticos y t<\\\/span>\\u00e9cnicos municipales. Adem<span>\\u00e1s de las din\\u00e1micas que se llevar\\u00e1n a cabo en espacios compartidos, se promover\\u00e1n acciones concretas que ayuden a visualizar el trabajo, el papel, la voz, los testimonios, el emprendizaje de las mujeres.<\\\/span><\\\/p>\"}}]},{\"type\":\"column\",\"props\":{\"position_sticky_breakpoint\":\"m\",\"image_position\":\"center-center\",\"media_overlay_gradient\":\"\",\"width_medium\":\"1-3\",\"position_sticky\":false},\"children\":[{\"type\":\"gallery\",\"props\":{\"show_title\":true,\"show_meta\":true,\"show_content\":true,\"show_link\":true,\"show_hover_image\":true,\"grid_default\":\"1\",\"grid_medium\":\"1\",\"filter_style\":\"tab\",\"filter_all\":true,\"filter_position\":\"top\",\"filter_align\":\"left\",\"filter_grid_width\":\"auto\",\"filter_grid_breakpoint\":\"m\",\"overlay_mode\":\"cover\",\"overlay_hover\":true,\"overlay_style\":\"overlay-primary\",\"text_color\":\"light\",\"overlay_position\":\"center\",\"overlay_transition\":\"fade\",\"title_hover_style\":\"reset\",\"title_element\":\"h3\",\"meta_style\":\"meta\",\"meta_align\":\"below-title\",\"meta_element\":\"div\",\"link_text\":\"Read more\",\"link_style\":\"default\",\"text_align\":\"center\",\"margin\":\"default\",\"item_animation\":true,\"grid_row_gap\":\"collapse\"},\"children\":[{\"type\":\"gallery_item\",\"props\":{\"image\":\"wp-content\\\/uploads\\\/2022\\\/11\\\/landa-emakumeak.jpg\"}},{\"type\":\"gallery_item\",\"props\":{\"image\":\"wp-content\\\/uploads\\\/2022\\\/11\\\/landa-emakumeak2.jpg\"}},{\"type\":\"gallery_item\",\"props\":{\"image\":\"wp-content\\\/uploads\\\/2022\\\/11\\\/landa-emakumeak3.jpg\"}},{\"type\":\"gallery_item\",\"props\":{\"image\":\"wp-content\\\/uploads\\\/2022\\\/11\\\/landa-emakumeak4.jpg\"}},{\"type\":\"gallery_item\",\"props\":{\"image\":\"wp-content\\\/uploads\\\/2022\\\/11\\\/landa-emakumeak5.jpg\"}}]}]}]}],\"name\":\"proeiktua\"}],\"version\":\"2.7.22\"} --><\/p>\n","protected":false},"excerpt":{"rendered":"<p>Landa emakumeak gara La Federaci\u00f3n LANDAOLA, integrada por las Asociaciones de Desarrollo Rural de Gipuzkoa, tiene entre sus fines los recogidos en la Ley 10\/1998, de 8 de abril, de Desarrollo Rural. Entre ellas se encuentran la promoci\u00f3n de la igualdad real de mujeres y hombres y el impulso de la perspectiva de g\u00e9nero y [&hellip;]<\/p>\n","protected":false},"author":1,"featured_media":0,"parent":0,"menu_order":0,"comment_status":"closed","ping_status":"closed","template":"","meta":{"footnotes":""},"yoast_head":"<!-- This site is optimized with the Yoast SEO plugin v21.5 - https:\/\/yoast.com\/wordpress\/plugins\/seo\/ -->\n<title>Landa Emakumeak Gara - Landaola - Gipuzkoako Landa Garapen Elkarteen Federazioa<\/title>\n<meta name=\"description\" content=\"La promoci\u00f3n de la igualdad real de mujeres y hombres y el impulso de la perspectiva de g\u00e9nero y el empoderamiento de las mujeres\" \/>\n<meta name=\"robots\" content=\"index, follow, max-snippet:-1, max-image-preview:large, max-video-preview:-1\" \/>\n<link rel=\"canonical\" href=\"https:\/\/landaola.eus\/es\/landa-emakumeak-gara\/\" \/>\n<meta property=\"og:locale\" content=\"es_ES\" \/>\n<meta property=\"og:type\" content=\"article\" \/>\n<meta property=\"og:title\" content=\"Landa Emakumeak Gara - Landaola - Gipuzkoako Landa Garapen Elkarteen Federazioa\" \/>\n<meta property=\"og:description\" content=\"La promoci\u00f3n de la igualdad real de mujeres y hombres y el impulso de la perspectiva de g\u00e9nero y el empoderamiento de las mujeres\" \/>\n<meta property=\"og:url\" content=\"https:\/\/landaola.eus\/es\/landa-emakumeak-gara\/\" \/>\n<meta property=\"og:site_name\" content=\"Landaola - Gipuzkoako Landa Garapen Elkarteen Federazioa\" \/>\n<meta property=\"article:publisher\" content=\"https:\/\/www.facebook.com\/Landaola-1306311309416102\" \/>\n<meta property=\"article:modified_time\" content=\"2023-11-21T10:40:07+00:00\" \/>\n<meta name=\"twitter:card\" content=\"summary_large_image\" \/>\n<meta name=\"twitter:site\" content=\"@Landaola_\" \/>\n<meta name=\"twitter:label1\" content=\"Tiempo de lectura\" \/>\n\t<meta name=\"twitter:data1\" content=\"4 minutos\" \/>\n<script type=\"application\/ld+json\" class=\"yoast-schema-graph\">{\"@context\":\"https:\/\/schema.org\",\"@graph\":[{\"@type\":\"WebPage\",\"@id\":\"https:\/\/landaola.eus\/es\/landa-emakumeak-gara\/\",\"url\":\"https:\/\/landaola.eus\/es\/landa-emakumeak-gara\/\",\"name\":\"Landa Emakumeak Gara - Landaola - Gipuzkoako Landa Garapen Elkarteen Federazioa\",\"isPartOf\":{\"@id\":\"https:\/\/landaola.eus\/#website\"},\"datePublished\":\"2022-11-17T11:18:24+00:00\",\"dateModified\":\"2023-11-21T10:40:07+00:00\",\"description\":\"La promoci\u00f3n de la igualdad real de mujeres y hombres y el impulso de la perspectiva de g\u00e9nero y el empoderamiento de las mujeres\",\"breadcrumb\":{\"@id\":\"https:\/\/landaola.eus\/es\/landa-emakumeak-gara\/#breadcrumb\"},\"inLanguage\":\"es\",\"potentialAction\":[{\"@type\":\"ReadAction\",\"target\":[\"https:\/\/landaola.eus\/es\/landa-emakumeak-gara\/\"]}]},{\"@type\":\"BreadcrumbList\",\"@id\":\"https:\/\/landaola.eus\/es\/landa-emakumeak-gara\/#breadcrumb\",\"itemListElement\":[{\"@type\":\"ListItem\",\"position\":1,\"name\":\"Home\",\"item\":\"https:\/\/landaola.eus\/es\/\"},{\"@type\":\"ListItem\",\"position\":2,\"name\":\"Landa Emakumeak Gara\"}]},{\"@type\":\"WebSite\",\"@id\":\"https:\/\/landaola.eus\/#website\",\"url\":\"https:\/\/landaola.eus\/\",\"name\":\"Landaola - Gipuzkoako Landa Garapen Elkarteen Federazioa\",\"description\":\"Gipuzkoako Landa Garapen Elkarteen Federazioa\",\"publisher\":{\"@id\":\"https:\/\/landaola.eus\/#organization\"},\"potentialAction\":[{\"@type\":\"SearchAction\",\"target\":{\"@type\":\"EntryPoint\",\"urlTemplate\":\"https:\/\/landaola.eus\/?s={search_term_string}\"},\"query-input\":\"required name=search_term_string\"}],\"inLanguage\":\"es\"},{\"@type\":\"Organization\",\"@id\":\"https:\/\/landaola.eus\/#organization\",\"name\":\"LANDAOLA\",\"alternateName\":\"Gipuzkoako landa garapen elkarteen federazioa\",\"url\":\"https:\/\/landaola.eus\/\",\"logo\":{\"@type\":\"ImageObject\",\"inLanguage\":\"es\",\"@id\":\"https:\/\/landaola.eus\/#\/schema\/logo\/image\/\",\"url\":\"https:\/\/landaola.eus\/wp-content\/uploads\/2022\/11\/landaola.svg\",\"contentUrl\":\"https:\/\/landaola.eus\/wp-content\/uploads\/2022\/11\/landaola.svg\",\"width\":1,\"height\":1,\"caption\":\"LANDAOLA\"},\"image\":{\"@id\":\"https:\/\/landaola.eus\/#\/schema\/logo\/image\/\"},\"sameAs\":[\"https:\/\/www.facebook.com\/Landaola-1306311309416102\",\"https:\/\/twitter.com\/Landaola_\",\"https:\/\/www.youtube.com\/channel\/UCmr3BnLvYWU86tkM-rHfXGg\",\"https:\/\/www.instagram.com\/landaola_\/?igshid=YmMyMTA2M2Y\"]}]}<\/script>\n<!-- \/ Yoast SEO plugin. -->","yoast_head_json":{"title":"Landa Emakumeak Gara - Landaola - Gipuzkoako Landa Garapen Elkarteen Federazioa","description":"La promoci\u00f3n de la igualdad real de mujeres y hombres y el impulso de la perspectiva de g\u00e9nero y el empoderamiento de las mujeres","robots":{"index":"index","follow":"follow","max-snippet":"max-snippet:-1","max-image-preview":"max-image-preview:large","max-video-preview":"max-video-preview:-1"},"canonical":"https:\/\/landaola.eus\/es\/landa-emakumeak-gara\/","og_locale":"es_ES","og_type":"article","og_title":"Landa Emakumeak Gara - Landaola - Gipuzkoako Landa Garapen Elkarteen Federazioa","og_description":"La promoci\u00f3n de la igualdad real de mujeres y hombres y el impulso de la perspectiva de g\u00e9nero y el empoderamiento de las mujeres","og_url":"https:\/\/landaola.eus\/es\/landa-emakumeak-gara\/","og_site_name":"Landaola - Gipuzkoako Landa Garapen Elkarteen Federazioa","article_publisher":"https:\/\/www.facebook.com\/Landaola-1306311309416102","article_modified_time":"2023-11-21T10:40:07+00:00","twitter_card":"summary_large_image","twitter_site":"@Landaola_","twitter_misc":{"Tiempo de lectura":"4 minutos"},"schema":{"@context":"https:\/\/schema.org","@graph":[{"@type":"WebPage","@id":"https:\/\/landaola.eus\/es\/landa-emakumeak-gara\/","url":"https:\/\/landaola.eus\/es\/landa-emakumeak-gara\/","name":"Landa Emakumeak Gara - Landaola - Gipuzkoako Landa Garapen Elkarteen Federazioa","isPartOf":{"@id":"https:\/\/landaola.eus\/#website"},"datePublished":"2022-11-17T11:18:24+00:00","dateModified":"2023-11-21T10:40:07+00:00","description":"La promoci\u00f3n de la igualdad real de mujeres y hombres y el impulso de la perspectiva de g\u00e9nero y el empoderamiento de las mujeres","breadcrumb":{"@id":"https:\/\/landaola.eus\/es\/landa-emakumeak-gara\/#breadcrumb"},"inLanguage":"es","potentialAction":[{"@type":"ReadAction","target":["https:\/\/landaola.eus\/es\/landa-emakumeak-gara\/"]}]},{"@type":"BreadcrumbList","@id":"https:\/\/landaola.eus\/es\/landa-emakumeak-gara\/#breadcrumb","itemListElement":[{"@type":"ListItem","position":1,"name":"Home","item":"https:\/\/landaola.eus\/es\/"},{"@type":"ListItem","position":2,"name":"Landa Emakumeak Gara"}]},{"@type":"WebSite","@id":"https:\/\/landaola.eus\/#website","url":"https:\/\/landaola.eus\/","name":"Landaola - Gipuzkoako Landa Garapen Elkarteen Federazioa","description":"Gipuzkoako Landa Garapen Elkarteen Federazioa","publisher":{"@id":"https:\/\/landaola.eus\/#organization"},"potentialAction":[{"@type":"SearchAction","target":{"@type":"EntryPoint","urlTemplate":"https:\/\/landaola.eus\/?s={search_term_string}"},"query-input":"required name=search_term_string"}],"inLanguage":"es"},{"@type":"Organization","@id":"https:\/\/landaola.eus\/#organization","name":"LANDAOLA","alternateName":"Gipuzkoako landa garapen elkarteen federazioa","url":"https:\/\/landaola.eus\/","logo":{"@type":"ImageObject","inLanguage":"es","@id":"https:\/\/landaola.eus\/#\/schema\/logo\/image\/","url":"https:\/\/landaola.eus\/wp-content\/uploads\/2022\/11\/landaola.svg","contentUrl":"https:\/\/landaola.eus\/wp-content\/uploads\/2022\/11\/landaola.svg","width":1,"height":1,"caption":"LANDAOLA"},"image":{"@id":"https:\/\/landaola.eus\/#\/schema\/logo\/image\/"},"sameAs":["https:\/\/www.facebook.com\/Landaola-1306311309416102","https:\/\/twitter.com\/Landaola_","https:\/\/www.youtube.com\/channel\/UCmr3BnLvYWU86tkM-rHfXGg","https:\/\/www.instagram.com\/landaola_\/?igshid=YmMyMTA2M2Y"]}]}},"_links":{"self":[{"href":"https:\/\/landaola.eus\/es\/wp-json\/wp\/v2\/pages\/493"}],"collection":[{"href":"https:\/\/landaola.eus\/es\/wp-json\/wp\/v2\/pages"}],"about":[{"href":"https:\/\/landaola.eus\/es\/wp-json\/wp\/v2\/types\/page"}],"author":[{"embeddable":true,"href":"https:\/\/landaola.eus\/es\/wp-json\/wp\/v2\/users\/1"}],"replies":[{"embeddable":true,"href":"https:\/\/landaola.eus\/es\/wp-json\/wp\/v2\/comments?post=493"}],"version-history":[{"count":6,"href":"https:\/\/landaola.eus\/es\/wp-json\/wp\/v2\/pages\/493\/revisions"}],"predecessor-version":[{"id":692,"href":"https:\/\/landaola.eus\/es\/wp-json\/wp\/v2\/pages\/493\/revisions\/692"}],"wp:attachment":[{"href":"https:\/\/landaola.eus\/es\/wp-json\/wp\/v2\/media?parent=493"}],"curies":[{"name":"wp","href":"https:\/\/api.w.org\/{rel}","templated":true}]}}